{"id":34,"date":"2021-02-22T10:09:17","date_gmt":"2021-02-22T10:09:17","guid":{"rendered":"https:\/\/www.cartuxa.pt?page_id=34"},"modified":"2021-11-12T11:06:23","modified_gmt":"2021-11-12T11:06:23","slug":"privacy-policy","status":"publish","type":"page","link":"https:\/\/www.cartuxa.pt\/en\/privacy-policy\/","title":{"rendered":"Privacy Policy"},"content":{"rendered":"<div class=\"wpb-content-wrapper\"><p>[vc_row css_animation=&#8221;&#8221; row_type=&#8221;row&#8221; use_row_as_full_screen_section=&#8221;no&#8221; type=&#8221;grid&#8221; angled_section=&#8221;no&#8221; text_align=&#8221;left&#8221; background_image_as_pattern=&#8221;without_pattern&#8221; z_index=&#8221;&#8221; padding_top=&#8221;50&#8243; padding_bottom=&#8221;50&#8243;][vc_column][vc_column_text]Eug\u00e9nio de Almeida Foundation, owner of cartuxa.pt website, is committed to data security and privacy in accordance with the General Data Protection Regulation of the European Union.[\/vc_column_text][vc_column_text css=&#8221;.vc_custom_1636715056146{margin-top: 15px !important;}&#8221;]<strong>1. CONFIDENTIALITY<\/strong><br \/>\nBy the nature and objectives of the services provided, users are required to provide contacts and \/ or information that may be considered personal. Eug\u00e9nio de Almeida Foundation undertakes to respect the legislation in force on the protection of personal data of its customers.[\/vc_column_text][vc_column_text css=&#8221;.vc_custom_1636715086230{margin-top: 15px !important;}&#8221;]<strong>2. CORRECTION AND UPDATING OF INFORMATION OF A PERSONAL NATURE<\/strong><br \/>\nThe subscribers to newsletters and Eug\u00e9nio de Almeida Foundation databases, in its different configurations, may, update or rectify the information provided. Should you feel the need to change any information of a personal nature you can always do so. Simply send an e-mail to the Data Protection Officer: <a href=\"mailto:rtd@fea.pt\">rtd@fea.pt<\/a>.[\/vc_column_text][vc_column_text css=&#8221;.vc_custom_1636715113521{margin-top: 15px !important;}&#8221;]<strong>3. ACCEPTANCE AND BINDING<\/strong><br \/>\nAll users of the services made available on this site are bound to accept and respect the conditions expressed herein. For any further clarification on the Privacy Policy and Terms of Use of this site, please send us an e-mail to <a href=\"mailto:rtd@fea.pt\">rtd@fea.pt<\/a>[\/vc_column_text][vc_column_text css=&#8221;.vc_custom_1636715180075{margin-top: 15px !important;}&#8221;]If you have any questions about this Privacy Policy or the way we treat your data, you can contact the responsible person by e-mail: <a href=\"mailto:rtd@fea.pt\">rtd@fea.pt<\/a>.<br \/>\nPh: 266 748 300<br \/>\nOr the Data Protection Officer from the following contact: Eug\u00e9nio de Almeida Foundation\/Data Protection Officer E-mail address: <a href=\"mailto:rtd@fea.pt\">rtd@fea.pt<\/a><br \/>\nAddress: P\u00e1teo de S\u00e3o Miguel, apartado 2001, 7001-901 \u00c9vora<br \/>\nYou also have the right to complain to the Portuguese Data Protection Commission (<a href=\"https:\/\/www.cnpd.pt\/\" target=\"_blank\" rel=\"noopener\">www.cnpd.pt<\/a>).[\/vc_column_text][\/vc_column][\/vc_row]<\/p>\n<\/div>","protected":false},"excerpt":{"rendered":"<p>[vc_row css_animation=&#8221;&#8221; row_type=&#8221;row&#8221; use_row_as_full_screen_section=&#8221;no&#8221; type=&#8221;grid&#8221; angled_section=&#8221;no&#8221; text_align=&#8221;left&#8221; background_image_as_pattern=&#8221;without_pattern&#8221; z_index=&#8221;&#8221; padding_top=&#8221;50&#8243; padding_bottom=&#8221;50&#8243;][vc_column][vc_column_text]Eug\u00e9nio de Almeida Foundation, owner of cartuxa.pt website, is committed to data security and privacy in accordance with the General Data Protection Regulation of the European Union.[\/vc_column_text][vc_column_text css=&#8221;.vc_custom_1636715056146{margin-top: 15px !important;}&#8221;]1. CONFIDENTIALITY By the nature and&#8230;<\/p>\n","protected":false},"author":1,"featured_media":0,"parent":0,"menu_order":65,"comment_status":"closed","ping_status":"open","template":"","meta":{"inline_featured_image":false,"footnotes":"","_links_to":"","_links_to_target":""},"class_list":["post-34","page","type-page","status-publish","hentry"],"_links":{"self":[{"href":"https:\/\/www.cartuxa.pt\/en\/wp-json\/wp\/v2\/pages\/34","targetHints":{"allow":["GET"]}}],"collection":[{"href":"https:\/\/www.cartuxa.pt\/en\/wp-json\/wp\/v2\/pages"}],"about":[{"href":"https:\/\/www.cartuxa.pt\/en\/wp-json\/wp\/v2\/types\/page"}],"author":[{"embeddable":true,"href":"https:\/\/www.cartuxa.pt\/en\/wp-json\/wp\/v2\/users\/1"}],"replies":[{"embeddable":true,"href":"https:\/\/www.cartuxa.pt\/en\/wp-json\/wp\/v2\/comments?post=34"}],"version-history":[{"count":3,"href":"https:\/\/www.cartuxa.pt\/en\/wp-json\/wp\/v2\/pages\/34\/revisions"}],"predecessor-version":[{"id":3651,"href":"https:\/\/www.cartuxa.pt\/en\/wp-json\/wp\/v2\/pages\/34\/revisions\/3651"}],"wp:attachment":[{"href":"https:\/\/www.cartuxa.pt\/en\/wp-json\/wp\/v2\/media?parent=34"}],"curies":[{"name":"wp","href":"https:\/\/api.w.org\/{rel}","templated":true}]}}