{"id":7110,"date":"2024-05-24T12:18:33","date_gmt":"2024-05-24T11:18:33","guid":{"rendered":"https:\/\/www.cartuxa.pt\/?page_id=7110"},"modified":"2024-05-24T15:21:57","modified_gmt":"2024-05-24T14:21:57","slug":"cartuxa-patio","status":"publish","type":"page","link":"https:\/\/www.cartuxa.pt\/en\/cartuxa-patio\/","title":{"rendered":"Cartuxa Patio"},"content":{"rendered":"<div class=\"wpb-content-wrapper\"><p>[vc_row css_animation=&#8221;&#8221; row_type=&#8221;row&#8221; use_row_as_full_screen_section=&#8221;no&#8221; type=&#8221;grid&#8221; angled_section=&#8221;no&#8221; text_align=&#8221;left&#8221; background_image_as_pattern=&#8221;without_pattern&#8221; z_index=&#8221;2&#8243; padding_top=&#8221;50&#8243; css=&#8221;.vc_custom_1716559922926{background-image: url(https:\/\/www.cartuxa.pt\/wp-content\/uploads\/cartuxa-main-image-pateo.jpg?id=7118) !important;background-position: center !important;background-repeat: no-repeat !important;background-size: cover !important;}&#8221; padding_bottom=&#8221;50&#8243; el_class=&#8221;hide-background-image-small&#8221;][vc_column width=&#8221;1\/2&#8243;][\/vc_column][vc_column width=&#8221;1\/2&#8243; el_class=&#8221;page-template-content-right&#8221;][vc_column_text el_class=&#8221;text-dd3333&#8243; css=&#8221;.vc_custom_1716560408747{padding-bottom: 10px !important;}&#8221;]<\/p>\n<h2 class=\"h2-85\">Cartuxa Patio<\/h2>\n<p>[\/vc_column_text][vc_column_text el_class=&#8221;text-dd3333&#8243; css=&#8221;.vc_custom_1716559815952{padding-bottom: 25px !important;}&#8221;]<\/p>\n<h3>Wine tasting<\/h3>\n<p>[\/vc_column_text][vc_column_text css=&#8221;.vc_custom_1716560457168{padding-bottom: 25px !important;}&#8221;]The terrace allows you to admire the ancestral architecture of the Pa\u00e7o de S\u00e3o Miguel, a National Monument, in the heart of what was once a part of the Castelo Velho de \u00c9vora and the founding place of the city.[\/vc_column_text][vc_column_text]Framed in an almost secret garden, the P\u00e1teo Cartuxa caf\u00e9 is a peaceful space for meeting and conviviality, where you can enjoy the suggestions on the menu \u2013 savory, sweet and various drinks.[\/vc_column_text][vc_column_text]You can also take a journey through the history and the world of wine, with a visit to Pa\u00e7o de S\u00e3o Miguel, which includes a Cartuxa wine tasting.<br \/>\nFinish this experience, with lunch or dinner, at Enoteca Cartuxa.[\/vc_column_text][\/vc_column][\/vc_row][vc_row css_animation=&#8221;&#8221; row_type=&#8221;row&#8221; use_row_as_full_screen_section=&#8221;no&#8221; type=&#8221;full_width&#8221; angled_section=&#8221;no&#8221; text_align=&#8221;left&#8221; background_image_as_pattern=&#8221;without_pattern&#8221; z_index=&#8221;5&#8243;][vc_column offset=&#8221;vc_hidden-lg vc_hidden-md vc_hidden-sm&#8221;][vc_single_image image=&#8221;7129&#8243; img_size=&#8221;full&#8221; alignment=&#8221;center&#8221; qode_css_animation=&#8221;&#8221;][\/vc_column][\/vc_row][vc_row css_animation=&#8221;element_from_fade&#8221; row_type=&#8221;row&#8221; use_row_as_full_screen_section=&#8221;no&#8221; type=&#8221;full_width&#8221; angled_section=&#8221;no&#8221; text_align=&#8221;left&#8221; background_image_as_pattern=&#8221;without_pattern&#8221; z_index=&#8221;5&#8243; padding_top=&#8221;0&#8243; padding_bottom=&#8221;0&#8243; el_class=&#8221;page-letter-divider letter-divider-p&#8221;][vc_column][\/vc_column][\/vc_row][vc_row css_animation=&#8221;&#8221; row_type=&#8221;row&#8221; use_row_as_full_screen_section=&#8221;no&#8221; type=&#8221;grid&#8221; angled_section=&#8221;no&#8221; text_align=&#8221;left&#8221; background_image_as_pattern=&#8221;without_pattern&#8221; z_index=&#8221;10&#8243; el_class=&#8221;area-02&#8243; padding_top=&#8221;65&#8243;][vc_column][vc_row_inner row_type=&#8221;row&#8221; type=&#8221;full_width&#8221; text_align=&#8221;left&#8221; css_animation=&#8221;&#8221;][vc_column_inner width=&#8221;1\/2&#8243; css=&#8221;.vc_custom_1615821086052{border-top-width: 4px !important;padding-top: 15px !important;padding-bottom: 15px !important;border-top-color: #dd3333 !important;border-top-style: solid !important;}&#8221;][vc_column_text]<strong>P\u00c1TEO CARTUXA &#8211; VISITS AND TASTINGS:<\/strong><br \/>\n(located next to the Roman Temple in the city center of \u00c9vora)[\/vc_column_text][\/vc_column_inner][vc_column_inner width=&#8221;1\/2&#8243; css=&#8221;.vc_custom_1615820710823{padding-top: 15px !important;padding-bottom: 15px !important;}&#8221;][\/vc_column_inner][\/vc_row_inner][vc_row_inner row_type=&#8221;row&#8221; type=&#8221;full_width&#8221; text_align=&#8221;left&#8221; css_animation=&#8221;&#8221;][vc_column_inner css=&#8221;.vc_custom_1615821257397{padding-top: 15px !important;padding-bottom: 15px !important;}&#8221;][vc_column_text]<strong>Program types:<\/strong><\/p>\n<p>&nbsp;<\/p>\n<p><strong>Visit to Pa\u00e7o de S\u00e3o Miguel + Premium tasting Enoteca Cartuxa P\u00e1teo + Meal at Enoteca Cartuxa<\/strong> \u2013 value\/pax: \u20ac150*<\/p>\n<p>&nbsp;<\/p>\n<p><strong>Visit Pa\u00e7o de S\u00e3o Miguel + Premium tasting P\u00e1teo\u00a0Cartuxa<\/strong> \u2013 value\/pax: \u20ac75<\/p>\n<p>&nbsp;<\/p>\n<p><strong>Premium tasting P\u00e1teo Cartuxa + Meal at P\u00e1teo Cartuxa<\/strong> \u2013 value\/pax: \u20ac130*[\/vc_column_text][vc_column_text css=&#8221;.vc_custom_1710859432736{padding-top: 15px !important;}&#8221;](Tasting at 11 am, with the possibility of lunch at Enoteca Cartuxa, Tasting at 4 pm, with the possibility of dinner at Enoteca Cartuxa)[\/vc_column_text][vc_column_text css=&#8221;.vc_custom_1710859402378{padding-top: 15px !important;}&#8221;]Tastings without visits and without reservations required P\u00e1teo Cartuxa \u2013 Cartuxa (3 wines) \u20ac35 \u2013 Santo In\u00e1cio de Loyola (6 premium wines) \u20ac65[\/vc_column_text][\/vc_column_inner][\/vc_row_inner][\/vc_column][\/vc_row][vc_row css_animation=&#8221;&#8221; row_type=&#8221;row&#8221; use_row_as_full_screen_section=&#8221;no&#8221; type=&#8221;grid&#8221; angled_section=&#8221;no&#8221; text_align=&#8221;left&#8221; background_image_as_pattern=&#8221;without_pattern&#8221; z_index=&#8221;10&#8243; el_class=&#8221;area-02&#8243; padding_top=&#8221;25&#8243;][vc_column][vc_row_inner row_type=&#8221;row&#8221; type=&#8221;full_width&#8221; text_align=&#8221;left&#8221; css_animation=&#8221;&#8221; padding_top=&#8221;25&#8243;][vc_column_inner css=&#8221;.vc_custom_1615821257397{padding-top: 15px !important;padding-bottom: 15px !important;}&#8221;][vc_single_image image=&#8221;6908&#8243; img_size=&#8221;full&#8221; qode_css_animation=&#8221;&#8221;][\/vc_column_inner][\/vc_row_inner][vc_row_inner row_type=&#8221;row&#8221; type=&#8221;full_width&#8221; text_align=&#8221;left&#8221; css_animation=&#8221;&#8221; padding_top=&#8221;25&#8243;][vc_column_inner css=&#8221;.vc_custom_1615821257397{padding-top: 15px !important;padding-bottom: 15px !important;}&#8221;][vc_column_text css=&#8221;.vc_custom_1710856993061{padding-top: 15px !important;}&#8221;]<strong>NOTE<\/strong> : The choice of the type of tasting\/wines is by time and not by person.<br \/>\nWe can add side dishes to any type of tasting, consisting of sausages, cheeses, regional jams, among others, for an additional \u20ac9.50 (minimum of 2 pax)[\/vc_column_text][\/vc_column_inner][\/vc_row_inner][vc_column_text]We inform our customers that the sale of P\u00eara-Manca red wine is exclusive to those who take the guided tour of Cartuxa Wine Tourism, limited to 1 bottle per visitor, subject to availability of this reference.[\/vc_column_text][vc_column_text css=&#8221;.vc_custom_1710936956481{padding-top: 15px !important;}&#8221;]* children pay 10%[\/vc_column_text][\/vc_column][\/vc_row][vc_row css_animation=&#8221;&#8221; row_type=&#8221;row&#8221; use_row_as_full_screen_section=&#8221;no&#8221; type=&#8221;grid&#8221; angled_section=&#8221;no&#8221; text_align=&#8221;left&#8221; background_image_as_pattern=&#8221;without_pattern&#8221; z_index=&#8221;10&#8243; el_class=&#8221;area-02&#8243; padding_bottom=&#8221;50&#8243; padding_top=&#8221;50&#8243;][vc_column][vc_row_inner row_type=&#8221;row&#8221; type=&#8221;full_width&#8221; text_align=&#8221;left&#8221; css_animation=&#8221;&#8221; css=&#8221;.vc_custom_1626886872815{background-color: #f3f3f3 !important;}&#8221;][vc_column_inner width=&#8221;1\/2&#8243; css=&#8221;.vc_custom_1615820702881{padding-top: 15px !important;padding-bottom: 15px !important;}&#8221;][vc_column_text css=&#8221;.vc_custom_1716559967687{padding-bottom: 25px !important;}&#8221;]<strong>P\u00c1TEO CARTUXA OPENING HOURS:<\/strong>[\/vc_column_text][vc_column_text el_class=&#8221;font-size-14px&#8221;]Tasting at 11 am, with the possibility of lunch at Enoteca Cartuxa<br \/>\nTasting at 4 p.m., with the possibility of dinner at Enoteca Cartuxa[\/vc_column_text][\/vc_column_inner][vc_column_inner width=&#8221;1\/2&#8243; css=&#8221;.vc_custom_1615820710823{padding-top: 15px !important;padding-bottom: 15px !important;}&#8221;][vc_column_text css=&#8221;.vc_custom_1634567927533{padding-bottom: 25px !important;}&#8221;]<strong>CONTACTS:<\/strong>[\/vc_column_text][vc_column_text css=&#8221;.vc_custom_1668698325453{padding-bottom: 15px !important;}&#8221; el_class=&#8221;font-size-14px&#8221;]<a href=\"mailto:enoturismo.cartuxa@fea.pt\">enoturismo.cartuxa@fea.pt<\/a><br \/>\nWe will respond to your contact within two working days.<br \/>\n<a href=\"tel:+351266748383\">Tel: (+351) 266 748 383<\/a>[\/vc_column_text][vc_column_text el_class=&#8221;font-size-14px&#8221;]Quinta de Valbom,<br \/>\nEstrada da Soeira<br \/>\n7005-003 \u00c9vora<br \/>\n\u00c9vora &#8211;\u00a0Portugal[\/vc_column_text][vc_column_text css=&#8221;.vc_custom_1689264857146{padding-top: 25px !important;padding-bottom: 25px !important;}&#8221;]<a class=\"fh-button-true-flat fh-button-red fh-icon--cal\" href=\"https:\/\/fareharbor.com\/embeds\/book\/cartuxa\/items\/?flow=190061&amp;full-items=yes\" target=\"_blank\" rel=\"noopener\">BOOK<\/a>[\/vc_column_text][vc_column_text][\/vc_column_text][\/vc_column_inner][\/vc_row_inner][\/vc_column][\/vc_row]<\/p>\n<\/div>","protected":false},"excerpt":{"rendered":"<p>[vc_row css_animation=&#8221;&#8221; row_type=&#8221;row&#8221; use_row_as_full_screen_section=&#8221;no&#8221; type=&#8221;grid&#8221; angled_section=&#8221;no&#8221; text_align=&#8221;left&#8221; background_image_as_pattern=&#8221;without_pattern&#8221; z_index=&#8221;2&#8243; padding_top=&#8221;50&#8243; css=&#8221;.vc_custom_1716559922926{background-image: url(https:\/\/www.cartuxa.pt\/wp-content\/uploads\/cartuxa-main-image-pateo.jpg?id=7118) !important;background-position: center !important;background-repeat: no-repeat !important;background-size: cover !important;}&#8221; padding_bottom=&#8221;50&#8243; el_class=&#8221;hide-background-image-small&#8221;][vc_column width=&#8221;1\/2&#8243;][\/vc_column][vc_column width=&#8221;1\/2&#8243; el_class=&#8221;page-template-content-right&#8221;][vc_column_text el_class=&#8221;text-dd3333&#8243; css=&#8221;.vc_custom_1716560408747{padding-bottom: 10px !important;}&#8221;] Cartuxa Patio [\/vc_column_text][vc_column_text el_class=&#8221;text-dd3333&#8243; css=&#8221;.vc_custom_1716559815952{padding-bottom: 25px !important;}&#8221;] Wine tasting [\/vc_column_text][vc_column_text css=&#8221;.vc_custom_1716560457168{padding-bottom: 25px !important;}&#8221;]The terrace allows you to&#8230;<\/p>\n","protected":false},"author":1,"featured_media":0,"parent":0,"menu_order":0,"comment_status":"closed","ping_status":"closed","template":"full_width.php","meta":{"inline_featured_image":false,"footnotes":"","_links_to":"","_links_to_target":""},"class_list":["post-7110","page","type-page","status-publish","hentry"],"_links":{"self":[{"href":"https:\/\/www.cartuxa.pt\/en\/wp-json\/wp\/v2\/pages\/7110","targetHints":{"allow":["GET"]}}],"collection":[{"href":"https:\/\/www.cartuxa.pt\/en\/wp-json\/wp\/v2\/pages"}],"about":[{"href":"https:\/\/www.cartuxa.pt\/en\/wp-json\/wp\/v2\/types\/page"}],"author":[{"embeddable":true,"href":"https:\/\/www.cartuxa.pt\/en\/wp-json\/wp\/v2\/users\/1"}],"replies":[{"embeddable":true,"href":"https:\/\/www.cartuxa.pt\/en\/wp-json\/wp\/v2\/comments?post=7110"}],"version-history":[{"count":4,"href":"https:\/\/www.cartuxa.pt\/en\/wp-json\/wp\/v2\/pages\/7110\/revisions"}],"predecessor-version":[{"id":7157,"href":"https:\/\/www.cartuxa.pt\/en\/wp-json\/wp\/v2\/pages\/7110\/revisions\/7157"}],"wp:attachment":[{"href":"https:\/\/www.cartuxa.pt\/en\/wp-json\/wp\/v2\/media?parent=7110"}],"curies":[{"name":"wp","href":"https:\/\/api.w.org\/{rel}","templated":true}]}}