{"id":840,"date":"2021-04-05T14:40:41","date_gmt":"2021-04-05T13:40:41","guid":{"rendered":"https:\/\/www.cartuxa.pt\/?page_id=840"},"modified":"2025-08-18T10:48:03","modified_gmt":"2025-08-18T09:48:03","slug":"winery","status":"publish","type":"page","link":"https:\/\/www.cartuxa.pt\/en\/winery\/","title":{"rendered":"Winery"},"content":{"rendered":"<div class=\"wpb-content-wrapper\"><p>[vc_row css_animation=&#8221;&#8221; row_type=&#8221;row&#8221; use_row_as_full_screen_section=&#8221;no&#8221; type=&#8221;grid&#8221; angled_section=&#8221;no&#8221; text_align=&#8221;left&#8221; background_image_as_pattern=&#8221;without_pattern&#8221; z_index=&#8221;2&#8243; css=&#8221;.vc_custom_1624467123658{background-image: url(https:\/\/www.cartuxa.pt\/wp-content\/uploads\/cartuxa-main-image-adega.jpg?id=1779) !important;background-position: center !important;background-repeat: no-repeat !important;background-size: cover !important;}&#8221; padding_bottom=&#8221;50&#8243; el_class=&#8221;hide-background-image-small&#8221; padding_top=&#8221;50&#8243;][vc_column width=&#8221;1\/2&#8243; el_class=&#8221;template-historia-top-left&#8221;][\/vc_column][vc_column width=&#8221;1\/2&#8243; el_class=&#8221;page-template-content-right&#8221;][vc_column_text css=&#8221;.vc_custom_1634566224074{padding-bottom: 10px !important;}&#8221;]<\/p>\n<h2><em>Winery<\/em><\/h2>\n<p>[\/vc_column_text][vc_column_text css=&#8221;.vc_custom_1636555964493{padding-bottom: 25px !important;}&#8221; el_class=&#8221;text-e21a22&#8243;]<\/p>\n<h3><em>Adega Cartuxa [Cartuxa Winery] \u2013 Quinta de Valbom<\/em><\/h3>\n<p>[\/vc_column_text][vc_column_text css=&#8221;.vc_custom_1636555988205{padding-bottom: 25px !important;}&#8221;]The Adega Cartuxa [Cartuxa Winery], at Quinta de Valbom, is closely linked to the Society of Jesus. In 1580, the Jesuit priest Pedro Silva, rector of the Universidade de \u00c9vora [University of \u00c9vora], acquired Quinta de Valbom to house the university&#8217;s teaching staff. The construction of the Jesuit Retreat Home took about 10 years and resulted in a building with multiple lodgings, cafeteria and chapel.[\/vc_column_text][vc_column_text css=&#8221;.vc_custom_1636556005161{padding-bottom: 25px !important;}&#8221;]In 1759, with the expulsion of the Society of Jesus from the country by Marqu\u00eas de Pombal, Quinta de Valbom became part of the State&#8217;s property and in 1776, it was equipped with a wine press that quickly gained importance in the region. The proximity of the Cartuxa Monastery determined that it would become known, to this day, as Adega Cartuxa [Cartuxa Winery].[\/vc_column_text][vc_column_text css=&#8221;.vc_custom_1755510480113{padding-bottom: 25px !important;}&#8221;]In 1871, the great grandfather of the founder of the Foundation, Jos\u00e9 Maria Eug\u00e9nio de Almeida, acquired Quinta de Valbom. After his death, it would be his son, Carlos Maria Eug\u00e9nio de Almeida, who would commit himself to the continuity and expansion of the production of the Casa Agr\u00edcola Eug\u00e9nio de Almeida. It was his initiative to plant the vineyards that were the earliest source of the Foundation&#8217;s wines. With the progressive expansion and success of the wine production of the Institution, the Adega Cartuxa [Cartuxa Winery], located in the former cafeteria of the Jesuit Retreat Home, was gradually improved. Of these, the major restructuring which took place between 1993 and 1995, which allowed the re-equipment and expansion of all sectors of the winery, increasing considerably its potential for winemaking and storage capacity.[\/vc_column_text][vc_column_text]There are still well-preserved examples of previous equipment, now in disuse but innovative at the time they were introduced, such as the Algerian amphorae for the fermentation of red wines (vats built in concrete, with autovinificators) and the deposits where the fermentation of white wines took place. These storage tanks, built of cement, which were later coated with resin to annul the porosity of the cement, date back to the 1950s, a period when their use was common practice.[\/vc_column_text][\/vc_column][\/vc_row][vc_row css_animation=&#8221;&#8221; row_type=&#8221;row&#8221; use_row_as_full_screen_section=&#8221;no&#8221; type=&#8221;full_width&#8221; angled_section=&#8221;no&#8221; text_align=&#8221;left&#8221; background_image_as_pattern=&#8221;without_pattern&#8221; z_index=&#8221;5&#8243;][vc_column offset=&#8221;vc_hidden-lg vc_hidden-md vc_hidden-sm&#8221;][vc_single_image image=&#8221;2051&#8243; img_size=&#8221;full&#8221; alignment=&#8221;center&#8221; qode_css_animation=&#8221;&#8221;][\/vc_column][\/vc_row][vc_row css_animation=&#8221;&#8221; row_type=&#8221;row&#8221; use_row_as_full_screen_section=&#8221;no&#8221; type=&#8221;full_width&#8221; angled_section=&#8221;no&#8221; text_align=&#8221;left&#8221; background_image_as_pattern=&#8221;without_pattern&#8221; el_class=&#8221;page-letter-divider letter-divider-w&#8221; z_index=&#8221;5&#8243;][vc_column][\/vc_column][\/vc_row][vc_row css_animation=&#8221;&#8221; row_type=&#8221;row&#8221; use_row_as_full_screen_section=&#8221;no&#8221; type=&#8221;grid&#8221; angled_section=&#8221;no&#8221; text_align=&#8221;left&#8221; background_image_as_pattern=&#8221;without_pattern&#8221; z_index=&#8221;10&#8243; el_class=&#8221;area-02&#8243; padding_bottom=&#8221;50&#8243; padding_top=&#8221;65&#8243;][vc_column width=&#8221;1\/2&#8243;][vc_column_text css=&#8221;.vc_custom_1634566366772{padding-top: 25px !important;padding-bottom: 25px !important;}&#8221; el_class=&#8221;border-top-8px-solid-e21a22&#8243;]<\/p>\n<h3><em>Cartuxa Winery \u2013 Monte de Pinheiros<\/em><\/h3>\n<p>[\/vc_column_text][vc_column_text css=&#8221;.vc_custom_1634566391995{padding-bottom: 25px !important;}&#8221;]The Cartuxa Winery &#8211; Monte de Pinheiros, located at Herdade de Pinheiros, receives all the grapes produced in the Foundation&#8217;s vineyards and has three technological premises that distinguish it from the others: refrigeration capacity; possibility to fully sort the grapes at the entrance of the winery and movement and transfer of masses only by gravity.[\/vc_column_text][vc_single_image image=&#8221;1781&#8243; img_size=&#8221;full&#8221; alignment=&#8221;center&#8221; qode_css_animation=&#8221;&#8221;][\/vc_column][vc_column width=&#8221;1\/2&#8243; css=&#8221;.vc_custom_1618569039233{margin-top: 38px !important;}&#8221;][vc_single_image image=&#8221;2645&#8243; img_size=&#8221;full&#8221; alignment=&#8221;center&#8221; qode_css_animation=&#8221;&#8221; el_class=&#8221;border-top-8px-solid-e21a22&#8243; css=&#8221;.vc_custom_1630942072849{padding-top: 30px !important;}&#8221;][vc_column_text css=&#8221;.vc_custom_1634566441688{padding-top: 25px !important;padding-bottom: 25px !important;}&#8221;]From the fully automated bottling line installed at the Cartuxa Winery, approximately six million bottles are produced annually, distributed among white, ros\u00e9 and red wines of the Vinea Cartuxa, EA, Foral de \u00c9vora, Cartuxa, Scala Coeli and P\u00eara-Manca brands.[\/vc_column_text][vc_column_text css=&#8221;.vc_custom_1634566454631{padding-bottom: 25px !important;}&#8221;]Quality certification in the production of wine and olive oil is structuring in the policy of the Eug\u00e9nio de Almeida Foundation, as it ensures the use of appropriate technical means and qualified human resources, promoting improvements in innovation processes and the consequent quality of the product and consumer satisfaction.[\/vc_column_text][\/vc_column][\/vc_row]<\/p>\n<\/div>","protected":false},"excerpt":{"rendered":"<p>[vc_row css_animation=&#8221;&#8221; row_type=&#8221;row&#8221; use_row_as_full_screen_section=&#8221;no&#8221; type=&#8221;grid&#8221; angled_section=&#8221;no&#8221; text_align=&#8221;left&#8221; background_image_as_pattern=&#8221;without_pattern&#8221; z_index=&#8221;2&#8243; css=&#8221;.vc_custom_1624467123658{background-image: url(https:\/\/www.cartuxa.pt\/wp-content\/uploads\/cartuxa-main-image-adega.jpg?id=1779) !important;background-position: center !important;background-repeat: no-repeat !important;background-size: cover !important;}&#8221; padding_bottom=&#8221;50&#8243; el_class=&#8221;hide-background-image-small&#8221; padding_top=&#8221;50&#8243;][vc_column width=&#8221;1\/2&#8243; el_class=&#8221;template-historia-top-left&#8221;][\/vc_column][vc_column width=&#8221;1\/2&#8243; el_class=&#8221;page-template-content-right&#8221;][vc_column_text css=&#8221;.vc_custom_1634566224074{padding-bottom: 10px !important;}&#8221;] Winery [\/vc_column_text][vc_column_text css=&#8221;.vc_custom_1636555964493{padding-bottom: 25px !important;}&#8221; el_class=&#8221;text-e21a22&#8243;] Adega Cartuxa [Cartuxa Winery] \u2013 Quinta de Valbom [\/vc_column_text][vc_column_text css=&#8221;.vc_custom_1636555988205{padding-bottom: 25px&#8230;<\/p>\n","protected":false},"author":1,"featured_media":0,"parent":0,"menu_order":49,"comment_status":"closed","ping_status":"closed","template":"full_width.php","meta":{"inline_featured_image":false,"footnotes":"","_links_to":"","_links_to_target":""},"class_list":["post-840","page","type-page","status-publish","hentry"],"_links":{"self":[{"href":"https:\/\/www.cartuxa.pt\/en\/wp-json\/wp\/v2\/pages\/840","targetHints":{"allow":["GET"]}}],"collection":[{"href":"https:\/\/www.cartuxa.pt\/en\/wp-json\/wp\/v2\/pages"}],"about":[{"href":"https:\/\/www.cartuxa.pt\/en\/wp-json\/wp\/v2\/types\/page"}],"author":[{"embeddable":true,"href":"https:\/\/www.cartuxa.pt\/en\/wp-json\/wp\/v2\/users\/1"}],"replies":[{"embeddable":true,"href":"https:\/\/www.cartuxa.pt\/en\/wp-json\/wp\/v2\/comments?post=840"}],"version-history":[{"count":4,"href":"https:\/\/www.cartuxa.pt\/en\/wp-json\/wp\/v2\/pages\/840\/revisions"}],"predecessor-version":[{"id":8636,"href":"https:\/\/www.cartuxa.pt\/en\/wp-json\/wp\/v2\/pages\/840\/revisions\/8636"}],"wp:attachment":[{"href":"https:\/\/www.cartuxa.pt\/en\/wp-json\/wp\/v2\/media?parent=840"}],"curies":[{"name":"wp","href":"https:\/\/api.w.org\/{rel}","templated":true}]}}