{"id":8316,"date":"2025-04-17T12:53:15","date_gmt":"2025-04-17T11:53:00","guid":{"rendered":"https:\/\/www.cartuxa.pt\/?post_type=product&#038;p=8316"},"modified":"2025-04-17T12:53:00","modified_gmt":"2025-04-17T11:53:00","slug":"bau-selecao-de-vinhos-cartuxa","status":"publish","type":"product","link":"https:\/\/www.cartuxa.pt\/en\/produto\/bau-selecao-de-vinhos-cartuxa\/","title":{"rendered":"Ba\u00fa &#8211; Sele\u00e7\u00e3o de Vinhos Cartuxa"},"content":{"rendered":"","protected":false},"excerpt":{"rendered":"","protected":false},"featured_media":8311,"template":"","meta":{"inline_featured_image":false,"_links_to":"","_links_to_target":""},"product_brand":[],"product_cat":[100],"product_tag":[],"class_list":{"0":"post-8316","1":"product","2":"type-product","3":"status-publish","4":"has-post-thumbnail","6":"product_cat-packs-en","8":"first","9":"outofstock","10":"taxable","11":"shipping-taxable","12":"product-type-simple"},"_links":{"self":[{"href":"https:\/\/www.cartuxa.pt\/en\/wp-json\/wp\/v2\/product\/8316","targetHints":{"allow":["GET"]}}],"collection":[{"href":"https:\/\/www.cartuxa.pt\/en\/wp-json\/wp\/v2\/product"}],"about":[{"href":"https:\/\/www.cartuxa.pt\/en\/wp-json\/wp\/v2\/types\/product"}],"wp:featuredmedia":[{"embeddable":true,"href":"https:\/\/www.cartuxa.pt\/en\/wp-json\/wp\/v2\/media\/8311"}],"wp:attachment":[{"href":"https:\/\/www.cartuxa.pt\/en\/wp-json\/wp\/v2\/media?parent=8316"}],"wp:term":[{"taxonomy":"product_brand","embeddable":true,"href":"https:\/\/www.cartuxa.pt\/en\/wp-json\/wp\/v2\/product_brand?post=8316"},{"taxonomy":"product_cat","embeddable":true,"href":"https:\/\/www.cartuxa.pt\/en\/wp-json\/wp\/v2\/product_cat?post=8316"},{"taxonomy":"product_tag","embeddable":true,"href":"https:\/\/www.cartuxa.pt\/en\/wp-json\/wp\/v2\/product_tag?post=8316"}],"curies":[{"name":"wp","href":"https:\/\/api.w.org\/{rel}","templated":true}]}}